{"id":2186,"date":"2024-07-24T12:47:47","date_gmt":"2024-07-24T10:47:47","guid":{"rendered":"https:\/\/rakosyuveg.hu\/?page_id=2186"},"modified":"2024-11-21T16:41:02","modified_gmt":"2024-11-21T15:41:02","slug":"press-releases","status":"publish","type":"page","link":"https:\/\/rakosyuveg.hu\/en\/sajtomegjelenesek\/","title":{"rendered":"Press releases"},"content":{"rendered":"<div class=\"gb-container gb-container-2b4a68a8\">\n<h1 class=\"gb-headline gb-headline-9f9acfb5 gb-headline-text\">Press releases<\/h1>\n\n<div class=\"gb-container gb-container-d09d3f3b\">\n<div class=\"wpv-view-output\" data-toolset-views-view-editor=\"681d716ce6d49fc6d2159aed3f19b432\"><div class=\"wp-block-toolset-views-view-editor\"><div id=\"wpv-view-layout-2187\" class=\"js-wpv-view-layout js-wpv-layout-responsive js-wpv-view-layout-2187\" data-viewnumber=\"2187\" data-pagination=\"{&quot;id&quot;:&quot;2187&quot;,&quot;query&quot;:&quot;normal&quot;,&quot;type&quot;:&quot;disabled&quot;,&quot;effect&quot;:&quot;fade&quot;,&quot;duration&quot;:500,&quot;speed&quot;:5,&quot;pause_on_hover&quot;:&quot;enabled&quot;,&quot;stop_rollover&quot;:&quot;false&quot;,&quot;cache_pages&quot;:&quot;enabled&quot;,&quot;preload_images&quot;:&quot;enabled&quot;,&quot;preload_pages&quot;:&quot;enabled&quot;,&quot;preload_reach&quot;:1,&quot;spinner&quot;:&quot;builtin&quot;,&quot;spinner_image&quot;:&quot;https:\/\/rakosyuveg.hu\/wp-content\/plugins\/toolset-blocks\/embedded\/res\/img\/ajax-loader.gif&quot;,&quot;callback_next&quot;:&quot;&quot;,&quot;manage_history&quot;:&quot;enabled&quot;,&quot;has_controls_in_form&quot;:&quot;disabled&quot;,&quot;infinite_tolerance&quot;:&quot;0&quot;,&quot;max_pages&quot;:0,&quot;page&quot;:1,&quot;base_permalink&quot;:&quot;\/en\/wp-json\/wp\/v2\/pages\/2186?wpv_view_count=2187&amp;wpv_paged=WPV_PAGE_NUM&quot;,&quot;loop&quot;:{&quot;type&quot;:&quot;&quot;,&quot;name&quot;:&quot;&quot;,&quot;data&quot;:[],&quot;id&quot;:0}}\" data-permalink=\"\/en\/wp-json\/wp\/v2\/pages\/2186?wpv_view_count=2187\">\n<div class=\"js-wpv-loop-wrapper\"><div class=\"tb-grid\"><div class=\"tb-grid-column\"><div class=\"wp-block-toolset-views-view-template-block wpv-block-loop-item php-to-be-replaced-with-shortcode\" data-toolset-views-view-template-block=\"6914ff34601a254d93c81914246dfcde\"><a class=\"wp-block-toolset-blocks-container tb-container\" href=\"https:\/\/rakosyuveg.hu\/en\/sajtomegjelenes\/aktualis-mediamegjeleneseink\/\" style=\"background: url(https:\/\/rakosyuveg.hu\/wp-content\/uploads\/2024\/06\/fb-cover-logok-1.png) center top no-repeat;background-size:cover;display:block\" data-toolset-blocks-container=\"ddb1786b4eda1c65db241743e350bbd2\" ><div class=\"wp-block-toolset-blocks-container tb-container\" data-toolset-blocks-container=\"843764b847fb9e680feeea2099af7dca\"><h3 class=\"tb-heading has-text-color\" data-toolset-blocks-heading=\"700250de3cab94e08fac41763a9fb3a9\" data-last-update=\"1.4\">AKTU\u00c1LIS M\u00c9DIAMEGJELEN\u00c9SEINK<\/h3><\/div><\/a><\/div><\/div><div class=\"tb-grid-column\"><div class=\"wp-block-toolset-views-view-template-block wpv-block-loop-item php-to-be-replaced-with-shortcode\" data-toolset-views-view-template-block=\"6914ff34601a254d93c81914246dfcde\"><a class=\"wp-block-toolset-blocks-container tb-container\" href=\"https:\/\/rakosyuveg.hu\/en\/sajtomegjelenes\/nehezebb-az-allvanyra-maszni-magassarkuban\/\" style=\"background: url(https:\/\/rakosyuveg.hu\/wp-content\/uploads\/2023\/04\/vizslafotozas-5n-5300.jpg) center top no-repeat;background-size:cover;display:block\" data-toolset-blocks-container=\"ddb1786b4eda1c65db241743e350bbd2\" ><div class=\"wp-block-toolset-blocks-container tb-container\" data-toolset-blocks-container=\"843764b847fb9e680feeea2099af7dca\"><h3 class=\"tb-heading has-text-color\" data-toolset-blocks-heading=\"700250de3cab94e08fac41763a9fb3a9\" data-last-update=\"1.4\">&#8222;NEHEZEBB AZ \u00c1LLV\u00c1NYRA M\u00c1SZNI MAGAS SARK\u00daBAN&#8221;<\/h3><\/div><\/a><\/div><\/div><div class=\"tb-grid-column\"><div class=\"wp-block-toolset-views-view-template-block wpv-block-loop-item php-to-be-replaced-with-shortcode\" data-toolset-views-view-template-block=\"6914ff34601a254d93c81914246dfcde\"><a class=\"wp-block-toolset-blocks-container tb-container\" href=\"https:\/\/rakosyuveg.hu\/en\/sajtomegjelenes\/rakosy-glass-whb-kiadvany\/\" style=\"background: url(https:\/\/rakosyuveg.hu\/wp-content\/uploads\/2022\/11\/whb-kiadvany.jpg) center top no-repeat;background-size:cover;display:block\" data-toolset-blocks-container=\"ddb1786b4eda1c65db241743e350bbd2\" ><div class=\"wp-block-toolset-blocks-container tb-container\" data-toolset-blocks-container=\"843764b847fb9e680feeea2099af7dca\"><h3 class=\"tb-heading has-text-color\" data-toolset-blocks-heading=\"700250de3cab94e08fac41763a9fb3a9\" data-last-update=\"1.4\">R\u00c1KOSY GLASS X WHB GROUP<\/h3><\/div><\/a><\/div><\/div><div class=\"tb-grid-column\"><div class=\"wp-block-toolset-views-view-template-block wpv-block-loop-item php-to-be-replaced-with-shortcode\" data-toolset-views-view-template-block=\"6914ff34601a254d93c81914246dfcde\"><a class=\"wp-block-toolset-blocks-container tb-container\" href=\"https:\/\/rakosyuveg.hu\/en\/sajtomegjelenes\/eszter-es-a-kornyezeti-kultura\/\" style=\"background: url(https:\/\/rakosyuveg.hu\/wp-content\/uploads\/2022\/10\/10.jpg) center top no-repeat;background-size:cover;display:block\" data-toolset-blocks-container=\"ddb1786b4eda1c65db241743e350bbd2\" ><div class=\"wp-block-toolset-blocks-container tb-container\" data-toolset-blocks-container=\"843764b847fb9e680feeea2099af7dca\"><h3 class=\"tb-heading has-text-color\" data-toolset-blocks-heading=\"700250de3cab94e08fac41763a9fb3a9\" data-last-update=\"1.4\">ESZTER \u00c9S A K\u00d6RNYEZETI KULT\u00daRA &#8211; BESZ\u00c9LGET\u00c9S A HAJNALI H\u00c1RMAS BLOGON<\/h3><\/div><\/a><\/div><\/div><div class=\"tb-grid-column\"><div class=\"wp-block-toolset-views-view-template-block wpv-block-loop-item php-to-be-replaced-with-shortcode\" data-toolset-views-view-template-block=\"6914ff34601a254d93c81914246dfcde\"><a class=\"wp-block-toolset-blocks-container tb-container\" href=\"https:\/\/rakosyuveg.hu\/en\/sajtomegjelenes\/rakosy-glass-hazak-magazin\/\" style=\"background: url(https:\/\/rakosyuveg.hu\/wp-content\/uploads\/2022\/06\/hazak-magazin.jpg) center top no-repeat;background-size:cover;display:block\" data-toolset-blocks-container=\"ddb1786b4eda1c65db241743e350bbd2\" ><div class=\"wp-block-toolset-blocks-container tb-container\" data-toolset-blocks-container=\"843764b847fb9e680feeea2099af7dca\"><h3 class=\"tb-heading has-text-color\" data-toolset-blocks-heading=\"700250de3cab94e08fac41763a9fb3a9\" data-last-update=\"1.4\">R\u00c1KOSY GLASS A H\u00c1ZAK MAGAZINBAN<\/h3><\/div><\/a><\/div><\/div><div class=\"tb-grid-column\"><div class=\"wp-block-toolset-views-view-template-block wpv-block-loop-item php-to-be-replaced-with-shortcode\" data-toolset-views-view-template-block=\"6914ff34601a254d93c81914246dfcde\"><a class=\"wp-block-toolset-blocks-container tb-container\" href=\"https:\/\/rakosyuveg.hu\/en\/sajtomegjelenes\/latvanyhid-magyar-epitestechnika\/\" style=\"background: url(https:\/\/rakosyuveg.hu\/wp-content\/uploads\/2022\/06\/2cisz.jpg) center top no-repeat;background-size:cover;display:block\" data-toolset-blocks-container=\"ddb1786b4eda1c65db241743e350bbd2\" ><div class=\"wp-block-toolset-blocks-container tb-container\" data-toolset-blocks-container=\"843764b847fb9e680feeea2099af7dca\"><h3 class=\"tb-heading has-text-color\" data-toolset-blocks-heading=\"700250de3cab94e08fac41763a9fb3a9\" data-last-update=\"1.4\">\u00dcVEG L\u00c1TV\u00c1NYH\u00cdD EGY BUDAI GIMN\u00c1ZIUMBAN &#8211; MAGYAR \u00c9P\u00cdT\u00c9STECHNIKA SZAKLAP CIKK<\/h3><\/div><\/a><\/div><\/div><div class=\"tb-grid-column\"><div class=\"wp-block-toolset-views-view-template-block wpv-block-loop-item php-to-be-replaced-with-shortcode\" data-toolset-views-view-template-block=\"6914ff34601a254d93c81914246dfcde\"><a class=\"wp-block-toolset-blocks-container tb-container\" href=\"https:\/\/rakosyuveg.hu\/en\/sajtomegjelenes\/uvegipar-mernokujsag\/\" style=\"background: url(https:\/\/rakosyuveg.hu\/wp-content\/uploads\/2021\/05\/182005022-2924784724466382-3182256485047972023-n.jpg) center top no-repeat;background-size:cover;display:block\" data-toolset-blocks-container=\"ddb1786b4eda1c65db241743e350bbd2\" ><div class=\"wp-block-toolset-blocks-container tb-container\" data-toolset-blocks-container=\"843764b847fb9e680feeea2099af7dca\"><h3 class=\"tb-heading has-text-color\" data-toolset-blocks-heading=\"700250de3cab94e08fac41763a9fb3a9\" data-last-update=\"1.4\">AZ \u00dcVEGIPAR M\u00daLTJA \u00c9S JELENE &#8211; CIKK A M\u00c9RN\u00d6K \u00daJS\u00c1GBAN<\/h3><\/div><\/a><\/div><\/div><div class=\"tb-grid-column\"><div class=\"wp-block-toolset-views-view-template-block wpv-block-loop-item php-to-be-replaced-with-shortcode\" data-toolset-views-view-template-block=\"6914ff34601a254d93c81914246dfcde\"><a class=\"wp-block-toolset-blocks-container tb-container\" href=\"https:\/\/rakosyuveg.hu\/en\/sajtomegjelenes\/futouveg-zold-25\/\" style=\"background: url(https:\/\/rakosyuveg.hu\/wp-content\/uploads\/2021\/03\/zold25.jpg) center top no-repeat;background-size:cover;display:block\" data-toolset-blocks-container=\"ddb1786b4eda1c65db241743e350bbd2\" ><div class=\"wp-block-toolset-blocks-container tb-container\" data-toolset-blocks-container=\"843764b847fb9e680feeea2099af7dca\"><h3 class=\"tb-heading has-text-color\" data-toolset-blocks-heading=\"700250de3cab94e08fac41763a9fb3a9\" data-last-update=\"1.4\">F\u0170T\u0150 \u00dcVEG\u00dcNK A Z\u00d6LD 25 AD\u00c1S\u00c1BAN<\/h3><\/div><\/a><\/div><\/div><div class=\"tb-grid-column\"><div class=\"wp-block-toolset-views-view-template-block wpv-block-loop-item php-to-be-replaced-with-shortcode\" data-toolset-views-view-template-block=\"6914ff34601a254d93c81914246dfcde\"><a class=\"wp-block-toolset-blocks-container tb-container\" href=\"https:\/\/rakosyuveg.hu\/en\/sajtomegjelenes\/luminari-lakaskultura\/\" style=\"background: url(https:\/\/rakosyuveg.hu\/wp-content\/uploads\/2021\/03\/22339237-1641879005862207-7173650571607017197-o.jpg) center top no-repeat;background-size:cover;display:block\" data-toolset-blocks-container=\"ddb1786b4eda1c65db241743e350bbd2\" ><div class=\"wp-block-toolset-blocks-container tb-container\" data-toolset-blocks-container=\"843764b847fb9e680feeea2099af7dca\"><h3 class=\"tb-heading has-text-color\" data-toolset-blocks-heading=\"700250de3cab94e08fac41763a9fb3a9\" data-last-update=\"1.4\">LUMINARI GLASS A LAK\u00c1SKULT\u00daR\u00c1BAN<\/h3><\/div><\/a><\/div><\/div><div class=\"tb-grid-column\"><div class=\"wp-block-toolset-views-view-template-block wpv-block-loop-item php-to-be-replaced-with-shortcode\" data-toolset-views-view-template-block=\"6914ff34601a254d93c81914246dfcde\"><a class=\"wp-block-toolset-blocks-container tb-container\" href=\"https:\/\/rakosyuveg.hu\/en\/sajtomegjelenes\/zajarnyekolo-mernokujsag\/\" style=\"background: url(https:\/\/rakosyuveg.hu\/wp-content\/uploads\/2021\/03\/mernok-ujsag-2021-01-02.jpg) center top no-repeat;background-size:cover;display:block\" data-toolset-blocks-container=\"ddb1786b4eda1c65db241743e350bbd2\" ><div class=\"wp-block-toolset-blocks-container tb-container\" data-toolset-blocks-container=\"843764b847fb9e680feeea2099af7dca\"><h3 class=\"tb-heading has-text-color\" data-toolset-blocks-heading=\"700250de3cab94e08fac41763a9fb3a9\" data-last-update=\"1.4\">ZAJ\u00c1RNY\u00c9KOL\u00d3 \u00dcVEGEINK A M\u00c9RN\u00d6K \u00daJS\u00c1GBAN<\/h3><\/div><\/a><\/div><\/div><\/div><\/div><\/div><\/div><\/div>\n<\/div>\n<\/div>","protected":false},"excerpt":{"rendered":"<p>Press releases<\/p>","protected":false},"author":1,"featured_media":0,"parent":0,"menu_order":0,"comment_status":"closed","ping_status":"closed","template":"","meta":{"inline_featured_image":false,"footnotes":""},"class_list":["post-2186","page","type-page","status-publish","infinite-scroll-item"],"_links":{"self":[{"href":"https:\/\/rakosyuveg.hu\/en\/wp-json\/wp\/v2\/pages\/2186","targetHints":{"allow":["GET"]}}],"collection":[{"href":"https:\/\/rakosyuveg.hu\/en\/wp-json\/wp\/v2\/pages"}],"about":[{"href":"https:\/\/rakosyuveg.hu\/en\/wp-json\/wp\/v2\/types\/page"}],"author":[{"embeddable":true,"href":"https:\/\/rakosyuveg.hu\/en\/wp-json\/wp\/v2\/users\/1"}],"replies":[{"embeddable":true,"href":"https:\/\/rakosyuveg.hu\/en\/wp-json\/wp\/v2\/comments?post=2186"}],"version-history":[{"count":4,"href":"https:\/\/rakosyuveg.hu\/en\/wp-json\/wp\/v2\/pages\/2186\/revisions"}],"predecessor-version":[{"id":3137,"href":"https:\/\/rakosyuveg.hu\/en\/wp-json\/wp\/v2\/pages\/2186\/revisions\/3137"}],"wp:attachment":[{"href":"https:\/\/rakosyuveg.hu\/en\/wp-json\/wp\/v2\/media?parent=2186"}],"curies":[{"name":"wp","href":"https:\/\/api.w.org\/{rel}","templated":true}]}}