{"id":1895,"date":"2024-06-25T12:51:20","date_gmt":"2024-06-25T10:51:20","guid":{"rendered":"https:\/\/rakosyuveg.hu\/?page_id=1895"},"modified":"2026-03-17T10:02:51","modified_gmt":"2026-03-17T09:02:51","slug":"aboutus","status":"publish","type":"page","link":"https:\/\/rakosyuveg.hu\/en\/rolunk\/","title":{"rendered":"About us"},"content":{"rendered":"<div class=\"gb-container gb-container-2b4a68a8\">\n<h1 class=\"gb-headline gb-headline-9f9acfb5 gb-headline-text\">About us<\/h1>\n\n<div class=\"gb-container gb-container-d09d3f3b\">\n<h3 class=\"gb-headline gb-headline-6f93643d gb-headline-text\"><strong>R\u00c1KOSY GLASS STARTS WHERE MANY COMPANIES GIVE UP<\/strong><\/h3>\n\n<p>Azzal, hogy a R\u00e1kosy Glass \u00fcvegterm\u00e9keit v\u00e1lasztja \u00e9p\u00edt\u00e9si projektj\u00e9hez, \u00d6n is csatlakozik azon t\u00f6bb ezer \u00e9p\u00edt\u00e9sz, bels\u0151\u00e9p\u00edt\u00e9sz \u00e9s m\u00e9rn\u00f6k sor\u00e1hoz, akik \u2013 h\u00e1rom gener\u00e1ci\u00f3 \u00e9s&nbsp;t\u00f6bb, mint&nbsp;40 \u00e9v \u00f3ta \u2013 vel\u00fcnk dolgoznak egy\u00fctt, hogy az \u00fcveg sz\u00e9ps\u00e9g\u00e9nek l\u00e9legzetel\u00e1ll\u00edt\u00f3, id\u0151t\u00e1ll\u00f3 kifejez\u00e9seit hozz\u00e1k l\u00e9tre. \u00dcvegeink a vil\u00e1g minden t\u00e1j\u00e1n megtal\u00e1lhat\u00f3k, Kanad\u00e1t\u00f3l Sv\u00e9dorsz\u00e1gig hallottak r\u00f3lunk \u00e9s v\u00e1lasztott\u00e1k a mi megold\u00e1sainkat. A R\u00e1kosy Glass minden \u00fcvegterm\u00e9ke a kifog\u00e1stalan min\u0151s\u00e9gr\u0151l \u00e9s a kifinomult formatervez\u00e9sr\u0151l ismert, d\u00edjak \u00e9s megrendel\u00e9sek tan\u00faskodnak err\u0151l.<\/p>\n\n<p>As an indispensable player in domestic architectural glass, R\u00e1kosy Glass is characterized by continuous and dynamic development, with our professional preparation rooted in tradition and innovative and creative solutions, we contribute to the satisfaction of our customers, the high quality of our products, and the development of our environment.<\/p>\n\n<h3 class=\"gb-headline gb-headline-e01b09a9 gb-headline-text\">WHEN IT COMES TO GLASS, WE WILL HELP YOU CHOOSE THE SUITABLE FOR YOUR PLAN<\/h3>\n\n<p>Since 1990, we have developed continuously and with great strength, and we dare to say that we have always been at the forefront of the glass industry. We are still there, mainly in the field of interior design, where we fulfill orders that require special attention to detail. 70-80 percent of our work is not about volume, but about quality and creativity.<\/p>\n\n<p>We have always placed great emphasis on special ideas, our employees are experienced in all areas of flat glass processing to provide you with the necessary guidance to achieve the goals of the project. We work equally on family houses and public buildings. We are proud to help our customers create inspiring spaces with our unique, special glass products. Our featured products are Helio Heating heating glass, the Luminari Glass design glass product line, bent tempered glass and ceramic printed glass, as well as noise shielding glass<\/p>\n\n<p>Our mission is to offer outstanding, innovative architectural solutions and to realize our customers' ideas through cooperation. Combining our expertise with your imagination, the limit is the starry sky!<\/p>\n\n<ul class=\"wp-block-list\"><li><strong>Continuous investments<\/strong><\/li>\n\n<li><strong>Product development<\/strong><\/li>\n\n<li><strong>Innovations<\/strong><\/li><\/ul>\n\n<h3 class=\"gb-headline gb-headline-24080e97 gb-headline-text\">R\u00c1KOSY GLASS  MILESTONES<\/h3>\n\n<p><strong>1981:&nbsp;<\/strong>Ferenc R\u00e1kosy starts his own glass business, separate from his father's, in 2007 R\u00e1kosy-Glass Kft. is founded in its footsteps.<\/p>\n\n<p><strong>1990:&nbsp;<\/strong>Our millstone grinding machine and drilling machine of our own design will be ready<\/p>\n\n<p><strong>1991:&nbsp;<\/strong>We start up our straight \"C\" profile sanding machine<\/p>\n\n<p><strong>1992:&nbsp;<\/strong>We purchase our first straight edge sanding machine and factory drilling machine<\/p>\n\n<p><strong>1993:&nbsp;<\/strong>We will buy our straight beveling equipment<\/p>\n\n<p><strong>1998<\/strong><strong>:<\/strong>&nbsp;We are moving to the X. district site, we are buying our first cutting table, there is an opportunity to process jumbo-sized glass panels<\/p>\n\n<p><strong>2002:&nbsp;<\/strong>Our sandblaster is arriving<\/p>\n\n<p><strong>2003:&nbsp;<\/strong>We are commissioning our first glass industry tempering furnace<\/p>\n\n<p><strong>2004:&nbsp;<\/strong>We are buying our first laminating oven<\/p>\n\n<p><strong>2005:&nbsp;<\/strong>We buy our first bending furnace<\/p>\n\n<p><strong>2006<\/strong><strong>:<\/strong>&nbsp;We will buy the neighboring industrial plot where we will set up our locksmith shop<\/p>\n\n<p><strong>2008<\/strong><strong>:<\/strong>&nbsp;We are building our tailoring factory<\/p>\n\n<p><strong>2009<\/strong><strong>:<\/strong>&nbsp;We will buy and renovate the building of the thermo and the large locksmith factory<\/p>\n\n<p><strong>2000's end<\/strong><strong>:<\/strong>&nbsp;We start experimenting with various heatable coatings, we develop our heating glass technology<\/p>\n\n<p><strong>2013<\/strong><strong>:<\/strong>&nbsp;The Helio Heating heating glass wins the Construma Grand Prix, is installed throughout Europe and America, and the interest in it is growing worldwide<\/p>\n\n<p><strong>2015<\/strong><strong>:<\/strong>&nbsp;The Luminari Glass design glass product line jointly created by S'39 Hybrid Design Manufacture and R\u00e1kosy-Glass Kft. receives the Hungarian Design Award<\/p>\n\n<p><strong>2018:<\/strong>&nbsp;The Helio Heating heating glass is included in the TOP 10 Most Interesting Hungarian Innovations<\/p>\n\n<p><strong>2020<\/strong><strong>:<\/strong>&nbsp;We are commissioning our new bending training furnace in the new hall<\/p>\n\n<p><strong>2021:<\/strong>\u00a0We are commissioning our new CNC machining stations<\/p>\n\n<p><strong>2026: <\/strong>\u201eA ki\u00e1ll\u00edt\u00e1s legszebb standja\u201d \u00a0&#8211; A F\u00fcrd\u0151szoba \u00e9s Otthoni Wellness Ki\u00e1ll\u00edt\u00e1s t\u00f6rt\u00e9net\u00e9ben el\u0151sz\u00f6r megrendezett stand-sz\u00e9ps\u00e9gversenyen els\u0151 helyez\u00e9st \u00e9r\u00fcnk el<br><\/p>\n\n<h4 class=\"gb-headline gb-headline-b5611d52 gb-headline-text\">Why choose R\u00e1kosy Glass?<\/h4>\n\n<p><strong>Design consulting<\/strong><\/p>\n\n<p>We use our glass-related knowledge to develop innovative, unique solutions, so we have turned design challenges into award-winning projects more than once.<\/p>\n\n<p><strong>Glass processing in the heart of Budapest<\/strong><\/p>\n\n<p>We process flat glass in a unique way at our Budapest site, approx. Our 25,000 m2 industrial site is located in a logistically privileged location.<\/p>\n\n<p><strong>Full range of services<\/strong><\/p>\n\n<p>We can undertake glass processing on a full scale, in large board sizes. We have the following technologies: glass sheet cutting, CNC machining, drilling, grinding, heat treatment (tempering, bending), sintering, painting, screening, ceramic printing, decorating, sandblasting, acid etching. We work with complex project management: technical consulting, engineering design, production and installation.&nbsp;<\/p>\n\n<p><strong>A wide selection of architectural glass<\/strong><\/p>\n\n<p>Our advanced manufacturing technology and vast inventory enable us to offer a remarkable selection of tempered, bent tempered, noise shielding, heat insulating, design, laminated, frosted, acid etched, safety, bulletproof, screened, painted and ceramic printed glass.<\/p>\n\n<h4 class=\"gb-headline gb-headline-250e0a2d gb-headline-text\">Our architectural solutions<\/h4>\n\n<p>We believe that no two projects are alike. In addition to our flexibility, our returning customers mostly like our professional competence and broad experience, as well as our fair attitude. Get to know some of our previous works! Some of our eye-catching projects that&nbsp;<a href=\"https:\/\/rakosyuveg.hu\/en\/references\/\" data-type=\"link\" data-id=\"https:\/\/rakosyuveg.hu\/referenciak\/\"><mark style=\"background-color:rgba(0, 0, 0, 0)\" class=\"has-inline-color has-primary-green-color\">made possible thanks to our special architectural glass&gt;&gt;<\/mark><\/a><\/p>\n\n<h4 class=\"gb-headline gb-headline-c291d69e gb-headline-text\">Do you need help?<\/h4>\n\n<p>Whether you are designing buildings, remodeling homes, or need a special glass structure for your project, our team of experts is ready to help you find the right glass for your project.&nbsp;<a href=\"https:\/\/rakosyuveg.hu\/en\/contact\/\" data-type=\"link\" data-id=\"https:\/\/rakosyuveg.hu\/kapcsolat\/\"><mark style=\"background-color:rgba(0, 0, 0, 0)\" class=\"has-inline-color has-primary-green-color\">Contact us&gt;&gt;<\/mark><\/a><\/p>\n\n<iframe loading=\"lazy\" width=\"100%\" height=\"415\" src=\"https:\/\/www.youtube.com\/embed\/9Te0GAEiQ8k?si=j4vZPbk_-x-VpYr7\" title=\"YouTube video player\" frameborder=\"0\" allow=\"accelerometer; autoplay; clipboard-write; encrypted-media; gyroscope; picture-in-picture; web-share\" referrerpolicy=\"strict-origin-when-cross-origin\" allowfullscreen><\/iframe>\n<\/div>\n<\/div>","protected":false},"excerpt":{"rendered":"<p>R\u00f3lunk AHOL SOKAN M\u00c1R FELADJ\u00c1K, OTT KEZD\u0150DIK A R\u00c1KOSY GLASS Azzal, hogy a R\u00e1kosy Glass \u00fcvegterm\u00e9keit v\u00e1lasztja \u00e9p\u00edt\u00e9si projektj\u00e9hez, \u00d6n is csatlakozik azon t\u00f6bb ezer \u00e9p\u00edt\u00e9sz, bels\u0151\u00e9p\u00edt\u00e9sz \u00e9s m\u00e9rn\u00f6k sor\u00e1hoz, akik \u2013 h\u00e1rom gener\u00e1ci\u00f3 \u00e9s&nbsp;t\u00f6bb, mint&nbsp;40 \u00e9v \u00f3ta \u2013 vel\u00fcnk dolgoznak egy\u00fctt, hogy az \u00fcveg sz\u00e9ps\u00e9g\u00e9nek l\u00e9legzetel\u00e1ll\u00edt\u00f3, id\u0151t\u00e1ll\u00f3 kifejez\u00e9seit hozz\u00e1k &#8230; <a title=\"About us\" class=\"read-more\" href=\"https:\/\/rakosyuveg.hu\/en\/rolunk\/\" aria-label=\"Read more about R\u00f3lunk\">Tov\u00e1bb<\/a><\/p>","protected":false},"author":1,"featured_media":1456,"parent":0,"menu_order":0,"comment_status":"closed","ping_status":"closed","template":"","meta":{"inline_featured_image":false,"footnotes":""},"class_list":["post-1895","page","type-page","status-publish","has-post-thumbnail","infinite-scroll-item"],"_links":{"self":[{"href":"https:\/\/rakosyuveg.hu\/en\/wp-json\/wp\/v2\/pages\/1895","targetHints":{"allow":["GET"]}}],"collection":[{"href":"https:\/\/rakosyuveg.hu\/en\/wp-json\/wp\/v2\/pages"}],"about":[{"href":"https:\/\/rakosyuveg.hu\/en\/wp-json\/wp\/v2\/types\/page"}],"author":[{"embeddable":true,"href":"https:\/\/rakosyuveg.hu\/en\/wp-json\/wp\/v2\/users\/1"}],"replies":[{"embeddable":true,"href":"https:\/\/rakosyuveg.hu\/en\/wp-json\/wp\/v2\/comments?post=1895"}],"version-history":[{"count":5,"href":"https:\/\/rakosyuveg.hu\/en\/wp-json\/wp\/v2\/pages\/1895\/revisions"}],"predecessor-version":[{"id":4872,"href":"https:\/\/rakosyuveg.hu\/en\/wp-json\/wp\/v2\/pages\/1895\/revisions\/4872"}],"wp:featuredmedia":[{"embeddable":true,"href":"https:\/\/rakosyuveg.hu\/en\/wp-json\/wp\/v2\/media\/1456"}],"wp:attachment":[{"href":"https:\/\/rakosyuveg.hu\/en\/wp-json\/wp\/v2\/media?parent=1895"}],"curies":[{"name":"wp","href":"https:\/\/api.w.org\/{rel}","templated":true}]}}