{"id":1841,"date":"2024-06-19T14:20:04","date_gmt":"2024-06-19T12:20:04","guid":{"rendered":"https:\/\/rakosyuveg.hu\/?page_id=1841"},"modified":"2024-11-22T10:49:47","modified_gmt":"2024-11-22T09:49:47","slug":"products","status":"publish","type":"page","link":"https:\/\/rakosyuveg.hu\/en\/termekek\/","title":{"rendered":"Products"},"content":{"rendered":"<div class=\"gb-container gb-container-2b4a68a8\">\n<h1 class=\"gb-headline gb-headline-9f9acfb5 gb-headline-text\">Products<\/h1>\n\n<div class=\"gb-container gb-container-d09d3f3b\">\n<div class=\"gb-container gb-container-ab9aa31c\">\n<h2 class=\"gb-headline gb-headline-35941e62 gb-headline-text\">browse by categories<\/h2>\n\n<div class=\"gb-grid-wrapper gb-grid-wrapper-8e7e146d\">\n<div class=\"gb-grid-column gb-grid-column-db988239\"><div class=\"gb-container gb-container-db988239\"><a class=\"gb-container-link\" href=\"https:\/\/rakosyuveg.hu\/en\/products\/highlighted-products\/\"><\/a>\n<h3 class=\"gb-headline gb-headline-e115c6bf gb-headline-text\">highlighted products<\/h3>\n<\/div><\/div>\n\n<div class=\"gb-grid-column gb-grid-column-698ad7f4\"><div class=\"gb-container gb-container-698ad7f4\"><a class=\"gb-container-link\" href=\"https:\/\/rakosyuveg.hu\/en\/products\/insulated-glass\/\"><\/a>\n<h3 class=\"gb-headline gb-headline-678972a9 gb-headline-text\">Insulated glass<\/h3>\n<\/div><\/div>\n\n<div class=\"gb-grid-column gb-grid-column-454e591e\"><div class=\"gb-container gb-container-454e591e\"><a class=\"gb-container-link\" href=\"https:\/\/rakosyuveg.hu\/en\/products\/safety-glass\/\"><\/a>\n<h3 class=\"gb-headline gb-headline-a26b1191 gb-headline-text\">safety glass<\/h3>\n<\/div><\/div>\n\n<div class=\"gb-grid-column gb-grid-column-a4b3f0bd\"><div class=\"gb-container gb-container-a4b3f0bd\"><a class=\"gb-container-link\" href=\"https:\/\/rakosyuveg.hu\/en\/products\/design-glass\/\"><\/a>\n<h3 class=\"gb-headline gb-headline-d467ef37 gb-headline-text\">design glass<\/h3>\n<\/div><\/div>\n<\/div>\n<\/div>\n<\/div>\n<\/div>","protected":false},"excerpt":{"rendered":"<p>Term\u00e9kek b\u00f6ng\u00e9sszen kateg\u00f3ri\u00e1k alapj\u00e1n<\/p>","protected":false},"author":1,"featured_media":0,"parent":0,"menu_order":0,"comment_status":"closed","ping_status":"closed","template":"","meta":{"inline_featured_image":false,"footnotes":""},"class_list":["post-1841","page","type-page","status-publish","infinite-scroll-item"],"_links":{"self":[{"href":"https:\/\/rakosyuveg.hu\/en\/wp-json\/wp\/v2\/pages\/1841","targetHints":{"allow":["GET"]}}],"collection":[{"href":"https:\/\/rakosyuveg.hu\/en\/wp-json\/wp\/v2\/pages"}],"about":[{"href":"https:\/\/rakosyuveg.hu\/en\/wp-json\/wp\/v2\/types\/page"}],"author":[{"embeddable":true,"href":"https:\/\/rakosyuveg.hu\/en\/wp-json\/wp\/v2\/users\/1"}],"replies":[{"embeddable":true,"href":"https:\/\/rakosyuveg.hu\/en\/wp-json\/wp\/v2\/comments?post=1841"}],"version-history":[{"count":2,"href":"https:\/\/rakosyuveg.hu\/en\/wp-json\/wp\/v2\/pages\/1841\/revisions"}],"predecessor-version":[{"id":1844,"href":"https:\/\/rakosyuveg.hu\/en\/wp-json\/wp\/v2\/pages\/1841\/revisions\/1844"}],"wp:attachment":[{"href":"https:\/\/rakosyuveg.hu\/en\/wp-json\/wp\/v2\/media?parent=1841"}],"curies":[{"name":"wp","href":"https:\/\/api.w.org\/{rel}","templated":true}]}}