{"id":1787,"date":"2024-06-19T08:30:05","date_gmt":"2024-06-19T06:30:05","guid":{"rendered":"https:\/\/rakosyuveg.hu\/?page_id=1787"},"modified":"2024-08-02T15:06:57","modified_gmt":"2024-08-02T13:06:57","slug":"palyazatok","status":"publish","type":"page","link":"https:\/\/rakosyuveg.hu\/en\/palyazatok\/","title":{"rendered":"P\u00e1ly\u00e1zatok"},"content":{"rendered":"<div class=\"gb-container gb-container-2b4a68a8\">\n<h1 class=\"gb-headline gb-headline-9f9acfb5 gb-headline-text\">P\u00e1ly\u00e1zatok<\/h1>\n\n<div class=\"gb-container gb-container-d09d3f3b\">\n<figure class=\"gb-block-image gb-block-image-c61d8c69\"><img loading=\"lazy\" decoding=\"async\" width=\"640\" height=\"450\" class=\"gb-image gb-image-c61d8c69\" src=\"https:\/\/rakosyuveg.hu\/wp-content\/uploads\/2024\/06\/nyomt2.jpg\" alt=\"nyertes p\u00e1ly\u00e1zatok egyike: VEKOP-1.2.6-20-2020-00715\" title=\"nyomt2\" srcset=\"https:\/\/rakosyuveg.hu\/wp-content\/uploads\/2024\/06\/nyomt2.jpg 640w, https:\/\/rakosyuveg.hu\/wp-content\/uploads\/2024\/06\/nyomt2-300x211.jpg 300w\" sizes=\"auto, (max-width: 640px) 100vw, 640px\" \/><\/figure>\n\n<p><strong>VEKOP-1.2.6-20-2020-00715<\/strong><\/p>\n\n<p>Digit\u00e1lis s\u00edk\u00fcveg ker\u00e1mianyomtat\u00f3 beszerz\u00e9se a R\u00e1kosy-Glass Kft-n\u00e9l<\/p>\n\n<p><strong>K\u00f6sz\u00f6nj\u00fck a magyar \u00e1llam \u00e9s az Eur\u00f3pai Uni\u00f3 t\u00e1mogat\u00e1s\u00e1t.<\/strong><\/p>\n\n<figure class=\"gb-block-image gb-block-image-34fab52b\"><img loading=\"lazy\" decoding=\"async\" width=\"640\" height=\"449\" class=\"gb-image gb-image-34fab52b\" src=\"https:\/\/rakosyuveg.hu\/wp-content\/uploads\/2024\/06\/cnc.jpg\" alt=\"Nyertes p\u00e1ly\u00e1zatok egyike: VEKOP-1.2.6-20-2020-00303\" title=\"cnc\" srcset=\"https:\/\/rakosyuveg.hu\/wp-content\/uploads\/2024\/06\/cnc.jpg 640w, https:\/\/rakosyuveg.hu\/wp-content\/uploads\/2024\/06\/cnc-300x210.jpg 300w\" sizes=\"auto, (max-width: 640px) 100vw, 640px\" \/><\/figure>\n\n<p><strong>PROJEKT INFORM\u00c1CI\u00d3K<\/strong><\/p>\n\n<p><strong>Kedvezm\u00e9nyezett:<\/strong>&nbsp;R\u00e1kosy Glass Produkt Kft.<\/p>\n\n<p><strong>Projekt c\u00edme:<\/strong>&nbsp;CNC s\u00edk\u00fcveg megmunk\u00e1l\u00f3k\u00f6zpont v\u00e1s\u00e1rl\u00e1sa R\u00e1kosy Ferenc egy\u00e9ni v\u00e1llalkoz\u00f3 sz\u00e1m\u00e1ra<\/p>\n\n<p><strong>Elnyert t\u00e1mogat\u00e1s \u00f6sszege:<\/strong>&nbsp;64.392.546 Ft<\/p>\n\n<p><strong>T\u00e1mogat\u00e1s m\u00e9rt\u00e9ke (%-ban):<\/strong>&nbsp;62,5 %<\/p>\n\n<p><strong>A projekt fizikai befejez\u00e9s\u00e9nek hat\u00e1rideje:<\/strong>&nbsp;2021.02.03<\/p>\n\n<p><strong>A projekt tartalm\u00e1nak bemutat\u00e1sa:<\/strong><\/p>\n\n<p>R\u00e1kosy Ferenc egy\u00e9ni v\u00e1llalkoz\u00f3 64,39 milli\u00f3 forint vissza nem t\u00e9r\u00edtend\u0151 t\u00e1mogat\u00e1s nyert a \u201emikro-, kis- \u00e9s k\u00f6z\u00e9pv\u00e1llalkoz\u00e1sok modern \u00fczleti \u00e9s termel\u00e9si kih\u00edv\u00e1sokhoz val\u00f3 alkalmazkod\u00e1s\u00e1t seg\u00edt\u0151 fejleszt\u00e9sek t\u00e1mogat\u00e1sa\u201d t\u00e1rgy\u00fa p\u00e1ly\u00e1zati ki\u00edr\u00e1son, a Versenyk\u00e9pes K\u00f6z\u00e9p-Magyarorsz\u00e1g Operat\u00edv Program keret\u00e9n bel\u00fcl. A beruh\u00e1z\u00e1s c\u00e9lja egy CNC S\u00edk\u00fcveg megmunk\u00e1l\u00f3k\u00f6zpont v\u00e1s\u00e1rl\u00e1sa.<\/p>\n\n<p>A projekt keret\u00e9ben beszerz\u00e9sre ker\u00fclt egy CNC S\u00edk\u00fcveg megmunk\u00e1l\u00f3k\u00f6zpont. A kor\u00e1bban megval\u00f3s\u00edtott fejleszt\u00e9s\u00fcnk egy cs\u00facstechnol\u00f3gi\u00e1s s\u00edk\u00fcveg h\u0151kezel\u0151, edz\u0151 \u00e9s hajl\u00edt\u00f3 berendez\u00e9s, amely technol\u00f3giai fejleszt\u00e9s sz\u00fcks\u00e9gess\u00e9 tette egy automata CNC megmunk\u00e1l\u00f3 k\u00f6zpont megv\u00e1s\u00e1rl\u00e1s\u00e1t, be\u00fczemel\u00e9s\u00e9t. A megmunk\u00e1lhat\u00f3 maxim\u00e1lis \u00fcvegm\u00e9rete: 3300 x 6000 mm, mely Eur\u00f3p\u00e1ban is vil\u00e1gsz\u00ednvonal\u00fanak sz\u00e1m\u00edt.<\/p>\n\n<p>A beszerzett CMS Profile 6033 \u00e9p\u00edt\u00e9szeti s\u00edk\u00fcveg megmunk\u00e1l\u00f3 CNC k\u00f6zpont seg\u00edts\u00e9g\u00e9vel olyan innovat\u00edv technol\u00f3giai korszer\u0171s\u00edt\u00e9s val\u00f3sult meg, amely seg\u00edts\u00e9g\u00e9vel a tov\u00e1bbi min\u0151s\u00e9g jav\u00edt\u00e1sa, a termel\u00e9kenys\u00e9g fokoz\u00e1sa, valamint a c\u00e9g piacainak megtart\u00e1sa \u00e9s b\u0151v\u00edt\u00e9se val\u00f3sul meg.<\/p>\n\n<p><strong>Projektazonos\u00edt\u00f3:&nbsp;<\/strong>VEKOP-1.2.6-20-2020-00303<\/p>\n\n<p><strong>K\u00f6sz\u00f6nj\u00fck a magyar \u00e1llam \u00e9s az Eur\u00f3pai Uni\u00f3 p\u00e1ly\u00e1zatok form\u00e1j\u00e1ban ny\u00fajtott t\u00e1mogat\u00e1s\u00e1t.<\/strong><\/p>\n<\/div>\n<\/div>","protected":false},"excerpt":{"rendered":"<p>P\u00e1ly\u00e1zatok VEKOP-1.2.6-20-2020-00715 Digit\u00e1lis s\u00edk\u00fcveg ker\u00e1mianyomtat\u00f3 beszerz\u00e9se a R\u00e1kosy-Glass Kft-n\u00e9l K\u00f6sz\u00f6nj\u00fck a magyar \u00e1llam \u00e9s az Eur\u00f3pai Uni\u00f3 t\u00e1mogat\u00e1s\u00e1t. PROJEKT INFORM\u00c1CI\u00d3K Kedvezm\u00e9nyezett:&nbsp;R\u00e1kosy Glass Produkt Kft. Projekt c\u00edme:&nbsp;CNC s\u00edk\u00fcveg megmunk\u00e1l\u00f3k\u00f6zpont v\u00e1s\u00e1rl\u00e1sa R\u00e1kosy Ferenc egy\u00e9ni v\u00e1llalkoz\u00f3 sz\u00e1m\u00e1ra Elnyert t\u00e1mogat\u00e1s \u00f6sszege:&nbsp;64.392.546 Ft T\u00e1mogat\u00e1s m\u00e9rt\u00e9ke (%-ban):&nbsp;62,5 % A projekt fizikai befejez\u00e9s\u00e9nek hat\u00e1rideje:&nbsp;2021.02.03 A projekt tartalm\u00e1nak &#8230; <a title=\"P\u00e1ly\u00e1zatok\" class=\"read-more\" href=\"https:\/\/rakosyuveg.hu\/en\/palyazatok\/\" aria-label=\"Read more about P\u00e1ly\u00e1zatok\">Tov\u00e1bb<\/a><\/p>","protected":false},"author":1,"featured_media":0,"parent":0,"menu_order":0,"comment_status":"closed","ping_status":"closed","template":"","meta":{"inline_featured_image":false,"footnotes":""},"class_list":["post-1787","page","type-page","status-publish","infinite-scroll-item"],"_links":{"self":[{"href":"https:\/\/rakosyuveg.hu\/en\/wp-json\/wp\/v2\/pages\/1787","targetHints":{"allow":["GET"]}}],"collection":[{"href":"https:\/\/rakosyuveg.hu\/en\/wp-json\/wp\/v2\/pages"}],"about":[{"href":"https:\/\/rakosyuveg.hu\/en\/wp-json\/wp\/v2\/types\/page"}],"author":[{"embeddable":true,"href":"https:\/\/rakosyuveg.hu\/en\/wp-json\/wp\/v2\/users\/1"}],"replies":[{"embeddable":true,"href":"https:\/\/rakosyuveg.hu\/en\/wp-json\/wp\/v2\/comments?post=1787"}],"version-history":[{"count":5,"href":"https:\/\/rakosyuveg.hu\/en\/wp-json\/wp\/v2\/pages\/1787\/revisions"}],"predecessor-version":[{"id":2435,"href":"https:\/\/rakosyuveg.hu\/en\/wp-json\/wp\/v2\/pages\/1787\/revisions\/2435"}],"wp:attachment":[{"href":"https:\/\/rakosyuveg.hu\/en\/wp-json\/wp\/v2\/media?parent=1787"}],"curies":[{"name":"wp","href":"https:\/\/api.w.org\/{rel}","templated":true}]}}